{"id":3183,"date":"2022-12-09T22:50:35","date_gmt":"2022-12-10T01:50:35","guid":{"rendered":"https:\/\/cmsertaozinho.pb.gov.br\/esic\/?page_id=3183"},"modified":"2023-03-04T23:25:30","modified_gmt":"2023-03-05T02:25:30","slug":"dicas","status":"publish","type":"page","link":"https:\/\/cmsertaozinho.pb.gov.br\/esic\/dicas\/","title":{"rendered":"Dicas"},"content":{"rendered":"\t\t<div data-elementor-type=\"wp-page\" data-elementor-id=\"3183\" class=\"elementor elementor-3183\" data-elementor-post-type=\"page\">\n\t\t\t\t\t\t<section class=\"elementor-section elementor-top-section elementor-element elementor-element-7fe52cd elementor-hidden-tablet elementor-hidden-mobile elementor-section-boxed elementor-section-height-default elementor-section-height-default\" data-id=\"7fe52cd\" data-element_type=\"section\" data-settings=\"{&quot;background_background&quot;:&quot;classic&quot;}\">\n\t\t\t\t\t\t\t<div class=\"elementor-background-overlay\"><\/div>\n\t\t\t\t\t\t\t<div class=\"elementor-container elementor-column-gap-default\">\n\t\t\t\t\t<div class=\"elementor-column elementor-col-100 elementor-top-column elementor-element elementor-element-4f023da\" data-id=\"4f023da\" data-element_type=\"column\">\n\t\t\t<div class=\"elementor-widget-wrap elementor-element-populated\">\n\t\t\t\t\t\t<div class=\"elementor-element elementor-element-e63a164 elementor-widget elementor-widget-html\" data-id=\"e63a164\" data-element_type=\"widget\" data-widget_type=\"html.default\">\n\t\t\t\t<div class=\"elementor-widget-container\">\n\t\t\t<html>\r\n  <body>\r\n    <a href=\"https:\/\/cmsertaozinho.pb.gov.br\/esic\">In\u00edcio<\/a>\r\n    <font color=\"grey\">> Dicas<\/font>\r\n  <\/body>\r\n <\/html>\t\t<\/div>\n\t\t\t\t<\/div>\n\t\t\t\t\t<\/div>\n\t\t<\/div>\n\t\t\t\t\t<\/div>\n\t\t<\/section>\n\t\t\t\t<section class=\"elementor-section elementor-top-section elementor-element elementor-element-55ce6fb elementor-section-boxed elementor-section-height-default elementor-section-height-default\" data-id=\"55ce6fb\" data-element_type=\"section\">\n\t\t\t\t\t\t<div class=\"elementor-container elementor-column-gap-default\">\n\t\t\t\t\t<div class=\"elementor-column elementor-col-100 elementor-top-column elementor-element elementor-element-79db604\" data-id=\"79db604\" data-element_type=\"column\">\n\t\t\t<div class=\"elementor-widget-wrap elementor-element-populated\">\n\t\t\t\t\t\t<div class=\"elementor-element elementor-element-8bdcb58 elementor-widget elementor-widget-spacer\" data-id=\"8bdcb58\" data-element_type=\"widget\" data-widget_type=\"spacer.default\">\n\t\t\t\t<div class=\"elementor-widget-container\">\n\t\t\t\t\t<div class=\"elementor-spacer\">\n\t\t\t<div class=\"elementor-spacer-inner\"><\/div>\n\t\t<\/div>\n\t\t\t\t<\/div>\n\t\t\t\t<\/div>\n\t\t\t\t<div class=\"elementor-element elementor-element-f11fa76 elementor-widget elementor-widget-menu-anchor\" data-id=\"f11fa76\" data-element_type=\"widget\" data-widget_type=\"menu-anchor.default\">\n\t\t\t\t<div class=\"elementor-widget-container\">\n\t\t\t\t\t<div id=\"conteudo\" class=\"elementor-menu-anchor\"><\/div>\n\t\t\t\t<\/div>\n\t\t\t\t<\/div>\n\t\t\t\t<div class=\"elementor-element elementor-element-4394bea elementor-widget-divider--view-line_text elementor-widget-divider--element-align-center elementor-widget elementor-widget-divider\" data-id=\"4394bea\" data-element_type=\"widget\" data-widget_type=\"divider.default\">\n\t\t\t\t<div class=\"elementor-widget-container\">\n\t\t\t\t\t<div class=\"elementor-divider\">\n\t\t\t<span class=\"elementor-divider-separator\">\n\t\t\t\t\t\t\t<span class=\"elementor-divider__text elementor-divider__element\">\n\t\t\t\tDicas\t\t\t\t<\/span>\n\t\t\t\t\t\t<\/span>\n\t\t<\/div>\n\t\t\t\t<\/div>\n\t\t\t\t<\/div>\n\t\t\t\t\t<\/div>\n\t\t<\/div>\n\t\t\t\t\t<\/div>\n\t\t<\/section>\n\t\t\t\t<div class=\"elementor-section elementor-top-section elementor-element elementor-element-11e768d elementor-section-boxed elementor-section-height-default elementor-section-height-default\" data-id=\"11e768d\" data-element_type=\"section\">\n\t\t\t\t\t\t<div class=\"elementor-container elementor-column-gap-default\">\n\t\t\t\t\t<div class=\"elementor-column elementor-col-16 elementor-top-column elementor-element elementor-element-510386b\" data-id=\"510386b\" data-element_type=\"column\">\n\t\t\t<div class=\"elementor-widget-wrap elementor-element-populated\">\n\t\t\t\t\t\t<div class=\"elementor-element elementor-element-39c578e elementor-widget elementor-widget-text-editor\" data-id=\"39c578e\" data-element_type=\"widget\" data-widget_type=\"text-editor.default\">\n\t\t\t\t<div class=\"elementor-widget-container\">\n\t\t\t\t\t\t\t<h5 style=\"text-align: left;\"><em><strong>Dica 01<\/strong><\/em><\/h5><p style=\"text-align: left;\"><em>\u00a0Identifique qual \u00f3rg\u00e3o ou entidade \u00e9 respons\u00e1vel pela informa\u00e7\u00e3o que voc\u00ea deseja.<\/em><\/p>\t\t\t\t\t\t<\/div>\n\t\t\t\t<\/div>\n\t\t\t\t\t<\/div>\n\t\t<\/div>\n\t\t\t\t<div class=\"elementor-column elementor-col-16 elementor-top-column elementor-element elementor-element-ca5b598\" data-id=\"ca5b598\" data-element_type=\"column\">\n\t\t\t<div class=\"elementor-widget-wrap elementor-element-populated\">\n\t\t\t\t\t\t<div class=\"elementor-element elementor-element-8e1e5f7 elementor-widget elementor-widget-text-editor\" data-id=\"8e1e5f7\" data-element_type=\"widget\" data-widget_type=\"text-editor.default\">\n\t\t\t\t<div class=\"elementor-widget-container\">\n\t\t\t\t\t\t\t<h5 style=\"text-align: left;\"><em><strong>Dica 02<\/strong><\/em><\/h5><p style=\"text-align: left;\">Antes de realizar sua solicita\u00e7\u00e3o, \u00e9 importante verificar se a informa\u00e7\u00e3o j\u00e1 se encontra dispon\u00edvel no site do \u00f3rg\u00e3o ou entidade. Assim, voc\u00ea poder\u00e1 ter acesso imediato \u00e0 informa\u00e7\u00e3o de seu interesse.<\/p>\t\t\t\t\t\t<\/div>\n\t\t\t\t<\/div>\n\t\t\t\t\t<\/div>\n\t\t<\/div>\n\t\t\t\t<div class=\"elementor-column elementor-col-16 elementor-top-column elementor-element elementor-element-948b428\" data-id=\"948b428\" data-element_type=\"column\">\n\t\t\t<div class=\"elementor-widget-wrap elementor-element-populated\">\n\t\t\t\t\t\t<div class=\"elementor-element elementor-element-9b4af16 elementor-widget elementor-widget-text-editor\" data-id=\"9b4af16\" data-element_type=\"widget\" data-widget_type=\"text-editor.default\">\n\t\t\t\t<div class=\"elementor-widget-container\">\n\t\t\t\t\t\t\t<h5 style=\"text-align: left;\"><em><strong>Dica 03<\/strong><\/em><\/h5><div class=\"uc_paragraph\" style=\"text-align: left;\">Fa\u00e7a um pedido de cada vez. Assim, seu pedido ficar\u00e1 mais claro e a resposta poder\u00e1\u00a0chegar mais r\u00e1pido.<\/div>\t\t\t\t\t\t<\/div>\n\t\t\t\t<\/div>\n\t\t\t\t\t<\/div>\n\t\t<\/div>\n\t\t\t\t<div class=\"elementor-column elementor-col-16 elementor-top-column elementor-element elementor-element-01ab10f\" data-id=\"01ab10f\" data-element_type=\"column\">\n\t\t\t<div class=\"elementor-widget-wrap elementor-element-populated\">\n\t\t\t\t\t\t<div class=\"elementor-element elementor-element-3f6cfe1 elementor-widget elementor-widget-text-editor\" data-id=\"3f6cfe1\" data-element_type=\"widget\" data-widget_type=\"text-editor.default\">\n\t\t\t\t<div class=\"elementor-widget-container\">\n\t\t\t\t\t\t\t<h5><em><strong>Dica 04<\/strong><\/em><\/h5><div class=\"uc_paragraph\" style=\"text-align: left;\">Seja objetivo e escreva de forma clara. \u00c9 importante que o \u00f3rg\u00e3o compreenda corretamente qual \u00e9 o seu pedido para lhe enviar uma resposta adequada.<\/div>\t\t\t\t\t\t<\/div>\n\t\t\t\t<\/div>\n\t\t\t\t\t<\/div>\n\t\t<\/div>\n\t\t\t\t<div class=\"elementor-column elementor-col-16 elementor-top-column elementor-element elementor-element-d1dad91\" data-id=\"d1dad91\" data-element_type=\"column\">\n\t\t\t<div class=\"elementor-widget-wrap elementor-element-populated\">\n\t\t\t\t\t\t<div class=\"elementor-element elementor-element-558a140 elementor-widget elementor-widget-text-editor\" data-id=\"558a140\" data-element_type=\"widget\" data-widget_type=\"text-editor.default\">\n\t\t\t\t<div class=\"elementor-widget-container\">\n\t\t\t\t\t\t\t<h5><em><strong>Dica 05<\/strong><\/em><\/h5><div class=\"uc_paragraph\" style=\"text-align: left;\">Ao escrever seu pedido, d\u00ea o m\u00e1ximo de detalhes poss\u00edveis sobre que informa\u00e7\u00e3o voc\u00ea deseja.<\/div>\t\t\t\t\t\t<\/div>\n\t\t\t\t<\/div>\n\t\t\t\t\t<\/div>\n\t\t<\/div>\n\t\t\t\t<div class=\"elementor-column elementor-col-16 elementor-top-column elementor-element elementor-element-7b4374a\" data-id=\"7b4374a\" data-element_type=\"column\">\n\t\t\t<div class=\"elementor-widget-wrap elementor-element-populated\">\n\t\t\t\t\t\t<div class=\"elementor-element elementor-element-b050fc5 elementor-widget elementor-widget-text-editor\" data-id=\"b050fc5\" data-element_type=\"widget\" data-widget_type=\"text-editor.default\">\n\t\t\t\t<div class=\"elementor-widget-container\">\n\t\t\t\t\t\t\t<h5><em><strong>Dica 06<\/strong><\/em><\/h5><div class=\"uc_paragraph\">N\u00e3o utilize o e-SIC para enviar manifesta\u00e7\u00f5es de ouvidoria, como den\u00fancias, reclama\u00e7\u00f5es, elogios, entre outras.<\/div>\t\t\t\t\t\t<\/div>\n\t\t\t\t<\/div>\n\t\t\t\t\t<\/div>\n\t\t<\/div>\n\t\t\t\t\t<\/div>\n\t\t<\/div>\n\t\t\t\t<section class=\"elementor-section elementor-top-section elementor-element elementor-element-7f2193a elementor-section-boxed elementor-section-height-default elementor-section-height-default\" data-id=\"7f2193a\" data-element_type=\"section\">\n\t\t\t\t\t\t<div class=\"elementor-container elementor-column-gap-default\">\n\t\t\t\t\t<div class=\"elementor-column elementor-col-100 elementor-top-column elementor-element elementor-element-b89e931\" data-id=\"b89e931\" data-element_type=\"column\">\n\t\t\t<div class=\"elementor-widget-wrap elementor-element-populated\">\n\t\t\t\t\t\t<div class=\"elementor-element elementor-element-69f7eb9 elementor-widget elementor-widget-spacer\" data-id=\"69f7eb9\" data-element_type=\"widget\" data-widget_type=\"spacer.default\">\n\t\t\t\t<div class=\"elementor-widget-container\">\n\t\t\t\t\t<div class=\"elementor-spacer\">\n\t\t\t<div class=\"elementor-spacer-inner\"><\/div>\n\t\t<\/div>\n\t\t\t\t<\/div>\n\t\t\t\t<\/div>\n\t\t\t\t\t<\/div>\n\t\t<\/div>\n\t\t\t\t\t<\/div>\n\t\t<\/section>\n\t\t\t\t<\/div>\n\t\t","protected":false},"excerpt":{"rendered":"<p>In\u00edcio > Dicas Dicas Dica 01 \u00a0Identifique qual \u00f3rg\u00e3o ou entidade \u00e9 respons\u00e1vel pela informa\u00e7\u00e3o que voc\u00ea deseja. Dica 02 Antes de realizar sua solicita\u00e7\u00e3o, \u00e9 importante verificar se a informa\u00e7\u00e3o j\u00e1 se encontra dispon\u00edvel no site do \u00f3rg\u00e3o ou entidade. Assim, voc\u00ea poder\u00e1 ter acesso imediato \u00e0 informa\u00e7\u00e3o de seu interesse. Dica 03 Fa\u00e7a [&hellip;]<\/p>\n","protected":false},"author":7,"featured_media":0,"parent":0,"menu_order":0,"comment_status":"closed","ping_status":"closed","template":"","meta":[],"_links":{"self":[{"href":"https:\/\/cmsertaozinho.pb.gov.br\/esic\/wp-json\/wp\/v2\/pages\/3183"}],"collection":[{"href":"https:\/\/cmsertaozinho.pb.gov.br\/esic\/wp-json\/wp\/v2\/pages"}],"about":[{"href":"https:\/\/cmsertaozinho.pb.gov.br\/esic\/wp-json\/wp\/v2\/types\/page"}],"author":[{"embeddable":true,"href":"https:\/\/cmsertaozinho.pb.gov.br\/esic\/wp-json\/wp\/v2\/users\/7"}],"replies":[{"embeddable":true,"href":"https:\/\/cmsertaozinho.pb.gov.br\/esic\/wp-json\/wp\/v2\/comments?post=3183"}],"version-history":[{"count":0,"href":"https:\/\/cmsertaozinho.pb.gov.br\/esic\/wp-json\/wp\/v2\/pages\/3183\/revisions"}],"wp:attachment":[{"href":"https:\/\/cmsertaozinho.pb.gov.br\/esic\/wp-json\/wp\/v2\/media?parent=3183"}],"curies":[{"name":"wp","href":"https:\/\/api.w.org\/{rel}","templated":true}]}}